{"id":38,"date":"2016-08-26T21:38:17","date_gmt":"2016-08-26T20:38:17","guid":{"rendered":"http:\/\/detskyklubmimosa.cz\/?page_id=38"},"modified":"2024-01-12T10:57:42","modified_gmt":"2024-01-12T09:57:42","slug":"kontakt","status":"publish","type":"page","link":"https:\/\/detskyklubmimosa.cz\/?page_id=38","title":{"rendered":"Kontakt"},"content":{"rendered":"<div id=\"pl-38\"  class=\"panel-layout\" ><div id=\"pg-38-0\"  class=\"panel-grid panel-no-style\" ><div id=\"pgc-38-0-0\"  class=\"panel-grid-cell\" ><div id=\"panel-38-0-0-0\" class=\"so-panel widget widget_sow-editor panel-first-child\" data-index=\"0\" ><div class=\"panel-widget-style panel-widget-style-for-38-0-0-0\" ><div\n\t\t\t\n\t\t\tclass=\"so-widget-sow-editor so-widget-sow-editor-base\"\n\t\t\t\n\t\t>\n<div class=\"siteorigin-widget-tinymce textwidget\">\n\t<p style=\"padding-left: 30px; text-align: center;\">\n<p style=\"padding-left: 30px; text-align: center;\"><strong>Kontaktn\u00ed \u00fadaje:<\/strong><\/p>\n<p style=\"padding-left: 30px; text-align: center;\">Slezsk\u00e1 1286\/78, 130 00, Praha 3<\/p>\n<p style=\"padding-left: 30px; text-align: center;\">Provozovatel: Petra Lachout Nov\u00e1kov\u00e1<\/p>\n<p style=\"padding-left: 30px; text-align: center;\">E-mail: klubmimosa@seznam.cz<\/p>\n<p style=\"padding-left: 30px; text-align: center;\">www.detskyklubmimosa.cz<\/p>\n<p style=\"padding-left: 30px; text-align: center;\">Tel.: 732 312 384<\/p>\n<p style=\"padding-left: 30px; text-align: center;\">I\u010cO: 02876876<\/p>\n<p style=\"padding-left: 30px; text-align: center;\">\u010d.\u00fa.: 1269681018\/3030<\/p>\n<\/div>\n<\/div><\/div><\/div><div id=\"panel-38-0-0-1\" class=\"so-panel widget widget_sow-image panel-last-child\" data-index=\"1\" ><div\n\t\t\t\n\t\t\tclass=\"so-widget-sow-image so-widget-sow-image-default-c67d20f9f743-38\"\n\t\t\t\n\t\t>\n<div class=\"sow-image-container\">\n\t\t<img loading=\"lazy\" decoding=\"async\" src=\"https:\/\/detskyklubmimosa.cz\/wp-content\/uploads\/2016\/08\/\u017ealudy.png\" width=\"150\" height=\"96\" srcset=\"https:\/\/detskyklubmimosa.cz\/wp-content\/uploads\/2016\/08\/\u017ealudy.png 441w, https:\/\/detskyklubmimosa.cz\/wp-content\/uploads\/2016\/08\/\u017ealudy-300x192.png 300w\" sizes=\"auto, (max-width: 150px) 100vw, 150px\" alt=\"\" \t\tclass=\"so-widget-image\"\/>\n\t<\/div>\n\n<\/div><\/div><\/div><\/div><\/div>","protected":false},"excerpt":{"rendered":"<p>Kontaktn\u00ed \u00fadaje: Slezsk\u00e1 1286\/78, 130 00, Praha 3 Provozovatel: Petra Lachout Nov\u00e1kov\u00e1 E-mail: klubmimosa@seznam.cz www.detskyklubmimosa.cz Tel.: 732 312 384 I\u010cO: 02876876 \u010d.\u00fa.: 1269681018\/3030<\/p>\n","protected":false},"author":1,"featured_media":0,"parent":0,"menu_order":9,"comment_status":"closed","ping_status":"closed","template":"","meta":{"footnotes":""},"class_list":["post-38","page","type-page","status-publish","hentry"],"_links":{"self":[{"href":"https:\/\/detskyklubmimosa.cz\/index.php?rest_route=\/wp\/v2\/pages\/38","targetHints":{"allow":["GET"]}}],"collection":[{"href":"https:\/\/detskyklubmimosa.cz\/index.php?rest_route=\/wp\/v2\/pages"}],"about":[{"href":"https:\/\/detskyklubmimosa.cz\/index.php?rest_route=\/wp\/v2\/types\/page"}],"author":[{"embeddable":true,"href":"https:\/\/detskyklubmimosa.cz\/index.php?rest_route=\/wp\/v2\/users\/1"}],"replies":[{"embeddable":true,"href":"https:\/\/detskyklubmimosa.cz\/index.php?rest_route=%2Fwp%2Fv2%2Fcomments&post=38"}],"version-history":[{"count":10,"href":"https:\/\/detskyklubmimosa.cz\/index.php?rest_route=\/wp\/v2\/pages\/38\/revisions"}],"predecessor-version":[{"id":420,"href":"https:\/\/detskyklubmimosa.cz\/index.php?rest_route=\/wp\/v2\/pages\/38\/revisions\/420"}],"wp:attachment":[{"href":"https:\/\/detskyklubmimosa.cz\/index.php?rest_route=%2Fwp%2Fv2%2Fmedia&parent=38"}],"curies":[{"name":"wp","href":"https:\/\/api.w.org\/{rel}","templated":true}]}}