{"id":35,"date":"2016-08-26T21:38:02","date_gmt":"2016-08-26T20:38:02","guid":{"rendered":"http:\/\/detskyklubmimosa.cz\/?page_id=35"},"modified":"2024-01-12T09:17:33","modified_gmt":"2024-01-12T08:17:33","slug":"primestske-tabory","status":"publish","type":"page","link":"https:\/\/detskyklubmimosa.cz\/?page_id=35","title":{"rendered":"P\u0158\u00cdM\u011aSTSK\u00c9 T\u00c1BORY"},"content":{"rendered":"<div id=\"pl-35\"  class=\"panel-layout\" ><div id=\"pg-35-0\"  class=\"panel-grid panel-no-style\" ><div id=\"pgc-35-0-0\"  class=\"panel-grid-cell\" ><div id=\"panel-35-0-0-0\" class=\"so-panel widget widget_sow-button panel-first-child\" data-index=\"0\" ><div\n\t\t\t\n\t\t\tclass=\"so-widget-sow-button so-widget-sow-button-flat-65b6cfa92627-35\"\n\t\t\t\n\t\t><div class=\"ow-button-base ow-button-align-center\">\n\t\t\t<a\n\t\t\t\t\thref=\"https:\/\/indd.adobe.com\/view\/d43c3a04-cea5-46fa-8bb2-c084bac5abdf\"\n\t\t\t\t\tclass=\"sowb-button ow-icon-placement-left ow-button-hover\" target=\"_blank\" rel=\"noopener noreferrer\" \t>\n\t\t<span>\n\t\t\t\n\t\t\tBro\u017eura Letn\u00ed p\u0159\u00edm\u011bstsk\u00e9 t\u00e1bory 2019\t\t<\/span>\n\t\t\t<\/a>\n\t<\/div>\n<\/div><\/div><div id=\"panel-35-0-0-1\" class=\"so-panel widget widget_sow-editor\" data-index=\"1\" ><div class=\"panel-widget-style panel-widget-style-for-35-0-0-1\" ><div\n\t\t\t\n\t\t\tclass=\"so-widget-sow-editor so-widget-sow-editor-base\"\n\t\t\t\n\t\t>\n<div class=\"siteorigin-widget-tinymce textwidget\">\n\t<p style=\"text-align: center;\">\u00a0<\/p><p style=\"text-align: center;\"><div id=\"grid-gallery-2-5187\" data-gg-id=\"2\" data-title=\"P\u0159\u00edm\u011bstsk\u00e9 t\u00e1bory\" data-grid-type=\"1\" data-offset=\"10.3\" data-area-position=\"center\" data-icons=\"\" data-preloader=\"true\" data-width=\"215\" data-height=\"\" data-padding=\"0\" data-quicksand=\"disabled\" data-quicksand-duration=\"none\" data-popup-theme=\"theme_6\" data-popup-type=\"pretty-photo\" data-popup-image-text=\"title\" data-popup-widthsize=\"auto\" data-popup-heightsize=\"auto\" data-popup-i18n-words=\"{&quot;close&quot;:&quot;close&quot;,&quot;next&quot;:&quot;next&quot;,&quot;previous&quot;:&quot;previous&quot;,&quot;start_slideshow&quot;:&quot;start slideshow&quot;,&quot;stop_slideshow&quot;:&quot;stop slideshow&quot;,&quot;image&quot;:&quot;image&quot;,&quot;of&quot;:&quot;of&quot;,&quot;prev&quot;:&quot;prev&quot;,&quot;cExpand&quot;:&quot;Expand&quot;,&quot;cPrevious&quot;:&quot;Previous&quot;,&quot;cNext&quot;:&quot;Dal\\u0161\\u00ed&quot;,&quot;cExpandStr&quot;:&quot;Expand the image&quot;,&quot;cRotate&quot;:&quot;Rotate&quot;,&quot;cDetails&quot;:&quot;Details&quot;}\" data-popup-slideshow=\"false\" data-popup-slideshow-speed=\"2500\" data-popup-hoverstop=\"false\" data-popup-slideshow-auto=\"false\" data-popup-background=\"\" data-popup-transparency=\"30\" data-popup-disable-history=\"\" data-popup-disable-changed-url=\"\" data-popup-border-type=\"\" data-popup-border-color=\"\" data-popup-border-width=\"\" data-popup-border-enable=\"\" data-fullscreen=\"false\" data-hide-tooltip=\"false\" data-caption-font-family=\"Default\" data-caption-text-size=\"140\" data-is-mobile=\"0\" data-caption-mobile=\"false\" data-hide-long-tltp-title=\"0\" data-caption-disabled-on-mobile=\"false\" data-popup-placement-type=\"0\" data-social-sharing=\"{&quot;enabled&quot;:&quot;&quot;,&quot;gallerySharing&quot;:{&quot;enabled&quot;:null,&quot;position&quot;:null},&quot;imageSharing&quot;:{&quot;enabled&quot;:null,&quot;wrapperClass&quot;:&quot; vertical &quot;},&quot;popupSharing&quot;:{&quot;enabled&quot;:null,&quot;wrapperClass&quot;:&quot; vertical &quot;}}\" class=\"grid-gallery grid-gallery-fluid-height \" style=\" width:100%; height:auto; margin-left:auto; margin-right:auto;position:relative;\"> <div class=\"gallery-loading\"> <div class=\"blocks\"> <div class=\"block\"><\/div> <div class=\"block\"><\/div> <div class=\"block\"><\/div> <div class=\"block\"><\/div> <\/div> <\/div> <div class=\"gallery-sharing-top\" style=\"display:none;\"> <\/div> <div id=\"photos-2\" class=\"grid-gallery-photos\"><FIGURE class=\"grid-gallery-caption\" data-grid-gallery-type=\"revolving-door-left\" data-index=\"0\" style=\"display:none;border-radius:00;; margin:10.3px; width:2150;\" ><div class=\"crop\" style=\"\"><img decoding=\"async\" src=\"https:\/\/detskyklubmimosa.cz\/wp-content\/uploads\/2016\/09\/Cirkus-a-ko\u010dovn\u00e9-divadlo-215x161.jpg\" class=\"ggImg\" alt=\"Cirkus-a-ko\u010dovn\u00e9-divadlo\" title=\"Cirkus-a-ko\u010dovn\u00e9-divadlo\" data-description=\"Cirkus-a-ko\u010dovn\u00e9-divadlo\" data-caption=\"Cirkus-a-ko\u010dovn\u00e9-divadlo\" data-title=\"Cirkus-a-ko\u010dovn\u00e9-divadlo\" style=\" width:215px;\" \/><\/div><FIGCAPTION class=\"\" data-alpha=\"5\" style=\"color:#ffffff; background-color:#66cccc; font-size:140; text-align:left; font-family:Default;\" ><div class=\"grid-gallery-figcaption-wrap\" style=\"\"><\/div><\/FIGCAPTION><\/FIGURE><FIGURE class=\"grid-gallery-caption\" data-grid-gallery-type=\"revolving-door-left\" data-index=\"1\" style=\"display:none;border-radius:00;; margin:10.3px; width:2150;\" ><div class=\"crop\" style=\"\"><img decoding=\"async\" src=\"https:\/\/detskyklubmimosa.cz\/wp-content\/uploads\/2016\/09\/Hled\u00e1me-sk\u0159\u00edtky-a-v\u00edly-u-zv\u00ed\u0159\u00e1tek-215x161.jpg\" class=\"ggImg\" alt=\"Hled\u00e1me-sk\u0159\u00edtky-a-v\u00edly-u-zv\u00ed\u0159\u00e1tek\" title=\"Hled\u00e1me-sk\u0159\u00edtky-a-v\u00edly-u-zv\u00ed\u0159\u00e1tek\" data-description=\"Hled\u00e1me-sk\u0159\u00edtky-a-v\u00edly-u-zv\u00ed\u0159\u00e1tek\" data-caption=\"Hled\u00e1me-sk\u0159\u00edtky-a-v\u00edly-u-zv\u00ed\u0159\u00e1tek\" data-title=\"Hled\u00e1me-sk\u0159\u00edtky-a-v\u00edly-u-zv\u00ed\u0159\u00e1tek\" style=\" width:215px;\" \/><\/div><FIGCAPTION class=\"\" data-alpha=\"5\" style=\"color:#ffffff; background-color:#66cccc; font-size:140; text-align:left; font-family:Default;\" ><div class=\"grid-gallery-figcaption-wrap\" style=\"\"><\/div><\/FIGCAPTION><\/FIGURE><FIGURE class=\"grid-gallery-caption\" data-grid-gallery-type=\"revolving-door-left\" data-index=\"2\" style=\"display:none;border-radius:00;; margin:10.3px; width:2150;\" ><div class=\"crop\" style=\"\"><img decoding=\"async\" src=\"https:\/\/detskyklubmimosa.cz\/wp-content\/uploads\/2016\/09\/divadlo-215x160.jpg\" class=\"ggImg\" alt=\"divadlo\" title=\"divadlo\" data-description=\"divadlo\" data-caption=\"divadlo\" data-title=\"divadlo\" style=\" width:215px;\" \/><\/div><FIGCAPTION class=\"\" data-alpha=\"5\" style=\"color:#ffffff; background-color:#66cccc; font-size:140; text-align:left; font-family:Default;\" ><div class=\"grid-gallery-figcaption-wrap\" style=\"\"><\/div><\/FIGCAPTION><\/FIGURE><FIGURE class=\"grid-gallery-caption\" data-grid-gallery-type=\"revolving-door-left\" data-index=\"3\" style=\"display:none;border-radius:00;; margin:10.3px; width:2150;\" ><div class=\"crop\" style=\"\"><img decoding=\"async\" src=\"https:\/\/detskyklubmimosa.cz\/wp-content\/uploads\/2016\/09\/divadlo-a-cirkus-215x129.jpg\" class=\"ggImg\" alt=\"divadlo-a-cirkus\" title=\"divadlo-a-cirkus\" data-description=\"divadlo-a-cirkus\" data-caption=\"divadlo-a-cirkus\" data-title=\"divadlo-a-cirkus\" style=\" width:215px;\" \/><\/div><FIGCAPTION class=\"\" data-alpha=\"5\" style=\"color:#ffffff; background-color:#66cccc; font-size:140; text-align:left; font-family:Default;\" ><div class=\"grid-gallery-figcaption-wrap\" style=\"\"><\/div><\/FIGCAPTION><\/FIGURE><FIGURE class=\"grid-gallery-caption\" data-grid-gallery-type=\"revolving-door-left\" data-index=\"4\" style=\"display:none;border-radius:00;; margin:10.3px; width:2150;\" ><div class=\"crop\" style=\"\"><img decoding=\"async\" src=\"https:\/\/detskyklubmimosa.cz\/wp-content\/uploads\/2016\/09\/Hrajeme-divadlo-215x215.jpg\" class=\"ggImg\" alt=\"Hrajeme-divadlo\" title=\"Hrajeme-divadlo\" data-description=\"Hrajeme-divadlo\" data-caption=\"Hrajeme-divadlo\" data-title=\"Hrajeme-divadlo\" style=\" width:215px;\" \/><\/div><FIGCAPTION class=\"\" data-alpha=\"5\" style=\"color:#ffffff; background-color:#66cccc; font-size:140; text-align:left; font-family:Default;\" ><div class=\"grid-gallery-figcaption-wrap\" style=\"\"><\/div><\/FIGCAPTION><\/FIGURE><FIGURE class=\"grid-gallery-caption\" data-grid-gallery-type=\"revolving-door-left\" data-index=\"5\" style=\"display:none;border-radius:00;; margin:10.3px; width:2150;\" ><div class=\"crop\" style=\"\"><img decoding=\"async\" src=\"https:\/\/detskyklubmimosa.cz\/wp-content\/uploads\/2016\/09\/indi\u00e1nsk\u00e9-\u010delenky-215x161.jpg\" class=\"ggImg\" alt=\"indi\u00e1nsk\u00e9-\u010delenky\" title=\"indi\u00e1nsk\u00e9-\u010delenky\" data-description=\"indi\u00e1nsk\u00e9-\u010delenky\" data-caption=\"indi\u00e1nsk\u00e9-\u010delenky\" data-title=\"indi\u00e1nsk\u00e9-\u010delenky\" style=\" width:215px;\" \/><\/div><FIGCAPTION class=\"\" data-alpha=\"5\" style=\"color:#ffffff; background-color:#66cccc; font-size:140; text-align:left; font-family:Default;\" ><div class=\"grid-gallery-figcaption-wrap\" style=\"\"><\/div><\/FIGCAPTION><\/FIGURE><FIGURE class=\"grid-gallery-caption\" data-grid-gallery-type=\"revolving-door-left\" data-index=\"6\" style=\"display:none;border-radius:00;; margin:10.3px; width:2150;\" ><div class=\"crop\" style=\"\"><img decoding=\"async\" src=\"https:\/\/detskyklubmimosa.cz\/wp-content\/uploads\/2016\/09\/pir\u00e1ti-215x161.jpg\" class=\"ggImg\" alt=\"pir\u00e1ti\" title=\"pir\u00e1ti\" data-description=\"pir\u00e1ti\" data-caption=\"pir\u00e1ti\" data-title=\"pir\u00e1ti\" style=\" width:215px;\" \/><\/div><FIGCAPTION class=\"\" data-alpha=\"5\" style=\"color:#ffffff; background-color:#66cccc; font-size:140; text-align:left; font-family:Default;\" ><div class=\"grid-gallery-figcaption-wrap\" style=\"\"><\/div><\/FIGCAPTION><\/FIGURE><FIGURE class=\"grid-gallery-caption\" data-grid-gallery-type=\"revolving-door-left\" data-index=\"7\" style=\"display:none;border-radius:00;; margin:10.3px; width:2150;\" ><div class=\"crop\" style=\"\"><img decoding=\"async\" src=\"https:\/\/detskyklubmimosa.cz\/wp-content\/uploads\/2016\/09\/v\u00edly-a-sk\u0159\u00edtci-215x161.jpg\" class=\"ggImg\" alt=\"v\u00edly-a-sk\u0159\u00edtci\" title=\"v\u00edly-a-sk\u0159\u00edtci\" data-description=\"v\u00edly-a-sk\u0159\u00edtci\" data-caption=\"v\u00edly-a-sk\u0159\u00edtci\" data-title=\"v\u00edly-a-sk\u0159\u00edtci\" style=\" width:215px;\" \/><\/div><FIGCAPTION class=\"\" data-alpha=\"5\" style=\"color:#ffffff; background-color:#66cccc; font-size:140; text-align:left; font-family:Default;\" ><div class=\"grid-gallery-figcaption-wrap\" style=\"\"><\/div><\/FIGCAPTION><\/FIGURE><FIGURE class=\"grid-gallery-caption\" data-grid-gallery-type=\"revolving-door-left\" data-index=\"8\" style=\"display:none;border-radius:00;; margin:10.3px; width:2150;\" ><div class=\"crop\" style=\"\"><img decoding=\"async\" src=\"https:\/\/detskyklubmimosa.cz\/wp-content\/uploads\/2016\/09\/kresl\u00edme-si-Toteme-215x287.jpg\" class=\"ggImg\" alt=\"kresl\u00edme-si-Toteme\" title=\"kresl\u00edme-si-Toteme\" data-description=\"kresl\u00edme-si-Toteme\" data-caption=\"kresl\u00edme-si-Toteme\" data-title=\"kresl\u00edme-si-Toteme\" style=\" width:215px;\" \/><\/div><FIGCAPTION class=\"\" data-alpha=\"5\" style=\"color:#ffffff; background-color:#66cccc; font-size:140; text-align:left; font-family:Default;\" ><div class=\"grid-gallery-figcaption-wrap\" style=\"\"><\/div><\/FIGCAPTION><\/FIGURE><FIGURE class=\"grid-gallery-caption\" data-grid-gallery-type=\"revolving-door-left\" data-index=\"9\" style=\"display:none;border-radius:00;; margin:10.3px; width:2150;\" ><div class=\"crop\" style=\"\"><img decoding=\"async\" src=\"https:\/\/detskyklubmimosa.cz\/wp-content\/uploads\/2016\/09\/t\u00e1bor-pro-indi\u00e1ny-215x287.jpg\" class=\"ggImg\" alt=\"t\u00e1bor-pro-indi\u00e1ny\" title=\"t\u00e1bor-pro-indi\u00e1ny\" data-description=\"t\u00e1bor-pro-indi\u00e1ny\" data-caption=\"t\u00e1bor-pro-indi\u00e1ny\" data-title=\"t\u00e1bor-pro-indi\u00e1ny\" style=\" width:215px;\" \/><\/div><FIGCAPTION class=\"\" data-alpha=\"5\" style=\"color:#ffffff; background-color:#66cccc; font-size:140; text-align:left; font-family:Default;\" ><div class=\"grid-gallery-figcaption-wrap\" style=\"\"><\/div><\/FIGCAPTION><\/FIGURE><FIGURE class=\"grid-gallery-caption\" data-grid-gallery-type=\"revolving-door-left\" data-index=\"10\" style=\"display:none;border-radius:00;; margin:10.3px; width:2150;\" ><div class=\"crop\" style=\"\"><img decoding=\"async\" src=\"https:\/\/detskyklubmimosa.cz\/wp-content\/uploads\/2016\/09\/Sk\u0159\u00edtci-a-v\u00edly1-215x171.jpg\" class=\"ggImg\" alt=\"Sk\u0159\u00edtci-a-v\u00edly\" title=\"Sk\u0159\u00edtci-a-v\u00edly\" data-description=\"Sk\u0159\u00edtci-a-v\u00edly\" data-caption=\"Sk\u0159\u00edtci-a-v\u00edly\" data-title=\"Sk\u0159\u00edtci-a-v\u00edly\" style=\" width:215px;\" \/><\/div><FIGCAPTION class=\"\" data-alpha=\"5\" style=\"color:#ffffff; background-color:#66cccc; font-size:140; text-align:left; font-family:Default;\" ><div class=\"grid-gallery-figcaption-wrap\" style=\"\"><\/div><\/FIGCAPTION><\/FIGURE> <div class=\"grid-gallery-clearfix\"><\/div> <\/div> <div class=\"gallery-sharing-bottom\" style=\"display:none;\"> <\/div> <div class=\"gallery-sharing-image\" style=\"display:none;\"> <\/div> <div class=\"gallery-sharing-popup\" style=\"display:none;\"> <\/div> <div class=\"grid-gallery-clearfix\"><\/div> <\/div> <!-- Gallery by Supsystic plugin1.15.27 --><a title=\"Wordpress Gallery Plugin Free\" style=\"display:none;\" href=\"https:\/\/supsystic.com\/plugins\/photo-gallery\/?utm_medium=love_link\" target=\"_blank\">WordPress Gallery Plugin Free<\/a><\/p><p style=\"text-align: center;\">\u00a0<\/p><\/div>\n<\/div><\/div><\/div><div id=\"panel-35-0-0-2\" class=\"so-panel widget widget_sow-image panel-last-child\" data-index=\"2\" ><div\n\t\t\t\n\t\t\tclass=\"so-widget-sow-image so-widget-sow-image-default-c67d20f9f743-35\"\n\t\t\t\n\t\t>\n<div class=\"sow-image-container\">\n\t\t<img loading=\"lazy\" decoding=\"async\" src=\"https:\/\/detskyklubmimosa.cz\/wp-content\/uploads\/2016\/08\/\u017ealudy.png\" width=\"150\" height=\"96\" srcset=\"https:\/\/detskyklubmimosa.cz\/wp-content\/uploads\/2016\/08\/\u017ealudy.png 441w, https:\/\/detskyklubmimosa.cz\/wp-content\/uploads\/2016\/08\/\u017ealudy-300x192.png 300w\" sizes=\"auto, (max-width: 150px) 100vw, 150px\" alt=\"\" \t\tclass=\"so-widget-image\"\/>\n\t<\/div>\n\n<\/div><\/div><\/div><\/div><\/div>","protected":false},"excerpt":{"rendered":"<p>\u00a0\u00a0<\/p>\n","protected":false},"author":1,"featured_media":0,"parent":0,"menu_order":5,"comment_status":"closed","ping_status":"closed","template":"","meta":{"footnotes":""},"class_list":["post-35","page","type-page","status-publish","hentry"],"_links":{"self":[{"href":"https:\/\/detskyklubmimosa.cz\/index.php?rest_route=\/wp\/v2\/pages\/35","targetHints":{"allow":["GET"]}}],"collection":[{"href":"https:\/\/detskyklubmimosa.cz\/index.php?rest_route=\/wp\/v2\/pages"}],"about":[{"href":"https:\/\/detskyklubmimosa.cz\/index.php?rest_route=\/wp\/v2\/types\/page"}],"author":[{"embeddable":true,"href":"https:\/\/detskyklubmimosa.cz\/index.php?rest_route=\/wp\/v2\/users\/1"}],"replies":[{"embeddable":true,"href":"https:\/\/detskyklubmimosa.cz\/index.php?rest_route=%2Fwp%2Fv2%2Fcomments&post=35"}],"version-history":[{"count":16,"href":"https:\/\/detskyklubmimosa.cz\/index.php?rest_route=\/wp\/v2\/pages\/35\/revisions"}],"predecessor-version":[{"id":313,"href":"https:\/\/detskyklubmimosa.cz\/index.php?rest_route=\/wp\/v2\/pages\/35\/revisions\/313"}],"wp:attachment":[{"href":"https:\/\/detskyklubmimosa.cz\/index.php?rest_route=%2Fwp%2Fv2%2Fmedia&parent=35"}],"curies":[{"name":"wp","href":"https:\/\/api.w.org\/{rel}","templated":true}]}}