{"id":18,"date":"2016-08-26T21:32:57","date_gmt":"2016-08-26T20:32:57","guid":{"rendered":"http:\/\/detskyklubmimosa.cz\/?page_id=18"},"modified":"2024-01-12T10:56:37","modified_gmt":"2024-01-12T09:56:37","slug":"o-nas","status":"publish","type":"page","link":"https:\/\/detskyklubmimosa.cz\/?page_id=18","title":{"rendered":"MIMOSA D\u011aTEM &#8211; V\u00ddUKOV\u00c9 PROGRAMY"},"content":{"rendered":"<div id=\"pl-18\"  class=\"panel-layout\" ><div id=\"pg-18-0\"  class=\"panel-grid panel-has-style\" ><div class=\"siteorigin-panels-stretch panel-row-style panel-row-style-for-18-0\" data-stretch-type=\"full\" ><div id=\"pgc-18-0-0\"  class=\"panel-grid-cell panel-grid-cell-empty\" ><\/div><\/div><\/div><div id=\"pg-18-1\"  class=\"panel-grid panel-no-style\" ><div id=\"pgc-18-1-0\"  class=\"panel-grid-cell panel-grid-cell-empty\" ><\/div><\/div><div id=\"pg-18-2\"  class=\"panel-grid panel-no-style\" ><div id=\"pgc-18-2-0\"  class=\"panel-grid-cell\" ><div id=\"panel-18-2-0-0\" class=\"so-panel widget widget_text panel-first-child\" data-index=\"0\" ><div class=\"panel-widget-style panel-widget-style-for-18-2-0-0\" >\t\t\t<div class=\"textwidget\"><p>&nbsp;<\/p>\n<p><strong>Programy jsou zalo\u017een\u00e9 na principech z\u00e1\u017eitkov\u00e9 a p\u0159\u00edrodn\u00ed pedagogiky a jsou interaktivn\u00ed. T\u00e9mata program\u016f vych\u00e1zej\u00ed z \u010desk\u00fdch lidov\u00fdch sv\u00e1tk\u016f a tradic a tak\u00e9 se v\u011bnuj\u00ed p\u0159\u00edrod\u011b a environment\u00e1ln\u011b <\/strong><strong>vzd\u011bl\u00e1vac\u00edm projekt\u016fm.\u00a0<\/strong><\/p>\n<p>&nbsp;<\/p>\n<p><strong>\u00a0 M\u00edsto realizace: zahrada M\u0160 a interi\u00e9r M\u0160<\/strong><\/p>\n<p><strong>\u00a0 Po\u010det d\u011bt\u00ed: max. 25 d\u011bt\u00ed\/jedna skupina<\/strong><\/p>\n<p>&nbsp;<\/p>\n<p><strong>\u00a0 Cena: <\/strong><\/p>\n<p><strong>\u00a0 \u00a01 t\u0159\u00edda\/den \u2013 3200 K\u010d<\/strong><\/p>\n<p><strong>\u00a0 \u00a02 t\u0159\u00eddy\/den \u2013 5600 K\u010d\u00a0<\/strong><\/p>\n<p><strong>\u00a0 \u00a03 t\u0159\u00eddy\/den \u2013 7500 K\u010d <\/strong><\/p>\n<p>&nbsp;<\/p>\n<p><strong>\u00a0 \u00a0D\u00e9lka: 60 minut\/jedna skupina<\/strong><\/p>\n<p>&nbsp;<\/p>\n<\/div>\n\t\t<\/div><\/div><div id=\"panel-18-2-0-1\" class=\"so-panel widget widget_media_gallery panel-last-child\" data-index=\"1\" ><div id='gallery-1' class='gallery galleryid-18 gallery-columns-3 gallery-size-thumbnail'><figure class='gallery-item'>\n\t\t\t<div class='gallery-icon portrait'>\n\t\t\t\t<a href='https:\/\/detskyklubmimosa.cz\/?attachment_id=353'><img loading=\"lazy\" decoding=\"async\" width=\"150\" height=\"150\" src=\"https:\/\/detskyklubmimosa.cz\/wp-content\/uploads\/2024\/01\/VYUKOVE-PROGRAMY-ZIMA-A-JARO-2023-2024-kk2-2-150x150.jpg\" class=\"attachment-thumbnail size-thumbnail\" alt=\"\" \/><\/a>\n\t\t\t<\/div><\/figure><figure class='gallery-item'>\n\t\t\t<div class='gallery-icon portrait'>\n\t\t\t\t<a href='https:\/\/detskyklubmimosa.cz\/?attachment_id=354'><img loading=\"lazy\" decoding=\"async\" width=\"150\" height=\"150\" src=\"https:\/\/detskyklubmimosa.cz\/wp-content\/uploads\/2024\/01\/VYUKOVE-PROGRAMY-ZIMA-A-JARO-2023-2024-kk3-3-150x150.jpg\" class=\"attachment-thumbnail size-thumbnail\" alt=\"\" \/><\/a>\n\t\t\t<\/div><\/figure><figure class='gallery-item'>\n\t\t\t<div class='gallery-icon portrait'>\n\t\t\t\t<a href='https:\/\/detskyklubmimosa.cz\/?attachment_id=355'><img loading=\"lazy\" decoding=\"async\" width=\"150\" height=\"150\" src=\"https:\/\/detskyklubmimosa.cz\/wp-content\/uploads\/2024\/01\/VYUKOVE-PROGRAMY-ZIMA-A-JARO-2023-2024-kk4-2-150x150.jpg\" class=\"attachment-thumbnail size-thumbnail\" alt=\"\" \/><\/a>\n\t\t\t<\/div><\/figure><figure class='gallery-item'>\n\t\t\t<div class='gallery-icon portrait'>\n\t\t\t\t<a href='https:\/\/detskyklubmimosa.cz\/?attachment_id=356'><img loading=\"lazy\" decoding=\"async\" width=\"150\" height=\"150\" src=\"https:\/\/detskyklubmimosa.cz\/wp-content\/uploads\/2024\/01\/VYUKOVE-PROGRAMY-ZIMA-A-JARO-2023-2024-kk5-2-150x150.jpg\" class=\"attachment-thumbnail size-thumbnail\" alt=\"\" \/><\/a>\n\t\t\t<\/div><\/figure><figure class='gallery-item'>\n\t\t\t<div class='gallery-icon portrait'>\n\t\t\t\t<a href='https:\/\/detskyklubmimosa.cz\/?attachment_id=357'><img loading=\"lazy\" decoding=\"async\" width=\"150\" height=\"150\" src=\"https:\/\/detskyklubmimosa.cz\/wp-content\/uploads\/2024\/01\/VYUKOVE-PROGRAMY-ZIMA-A-JARO-2023-2024-kk6-2-150x150.jpg\" class=\"attachment-thumbnail size-thumbnail\" alt=\"\" \/><\/a>\n\t\t\t<\/div><\/figure><figure class='gallery-item'>\n\t\t\t<div class='gallery-icon portrait'>\n\t\t\t\t<a href='https:\/\/detskyklubmimosa.cz\/?attachment_id=358'><img loading=\"lazy\" decoding=\"async\" width=\"150\" height=\"150\" src=\"https:\/\/detskyklubmimosa.cz\/wp-content\/uploads\/2024\/01\/VYUKOVE-PROGRAMY-ZIMA-A-JARO-2023-2024-kk7-2-150x150.jpg\" class=\"attachment-thumbnail size-thumbnail\" alt=\"\" \/><\/a>\n\t\t\t<\/div><\/figure><figure class='gallery-item'>\n\t\t\t<div class='gallery-icon portrait'>\n\t\t\t\t<a href='https:\/\/detskyklubmimosa.cz\/?attachment_id=359'><img loading=\"lazy\" decoding=\"async\" width=\"150\" height=\"150\" src=\"https:\/\/detskyklubmimosa.cz\/wp-content\/uploads\/2024\/01\/VYUKOVE-PROGRAMY-ZIMA-A-JARO-2023-2024-kk8-2-150x150.jpg\" class=\"attachment-thumbnail size-thumbnail\" alt=\"\" \/><\/a>\n\t\t\t<\/div><\/figure><figure class='gallery-item'>\n\t\t\t<div class='gallery-icon portrait'>\n\t\t\t\t<a href='https:\/\/detskyklubmimosa.cz\/?attachment_id=360'><img loading=\"lazy\" decoding=\"async\" width=\"150\" height=\"150\" src=\"https:\/\/detskyklubmimosa.cz\/wp-content\/uploads\/2024\/01\/VYUKOVE-PROGRAMY-ZIMA-A-JARO-2023-2024-kk9-2-150x150.jpg\" class=\"attachment-thumbnail size-thumbnail\" alt=\"\" \/><\/a>\n\t\t\t<\/div><\/figure><figure class='gallery-item'>\n\t\t\t<div class='gallery-icon portrait'>\n\t\t\t\t<a href='https:\/\/detskyklubmimosa.cz\/?attachment_id=361'><img loading=\"lazy\" decoding=\"async\" width=\"150\" height=\"150\" src=\"https:\/\/detskyklubmimosa.cz\/wp-content\/uploads\/2024\/01\/VYUKOVE-PROGRAMY-ZIMA-A-JARO-2023-2024-kk10-2-150x150.jpg\" class=\"attachment-thumbnail size-thumbnail\" alt=\"\" \/><\/a>\n\t\t\t<\/div><\/figure><figure class='gallery-item'>\n\t\t\t<div class='gallery-icon portrait'>\n\t\t\t\t<a href='https:\/\/detskyklubmimosa.cz\/?attachment_id=362'><img loading=\"lazy\" decoding=\"async\" width=\"150\" height=\"150\" src=\"https:\/\/detskyklubmimosa.cz\/wp-content\/uploads\/2024\/01\/VYUKOVE-PROGRAMY-ZIMA-A-JARO-2023-2024-kk11-2-150x150.jpg\" class=\"attachment-thumbnail size-thumbnail\" alt=\"\" \/><\/a>\n\t\t\t<\/div><\/figure><figure class='gallery-item'>\n\t\t\t<div class='gallery-icon portrait'>\n\t\t\t\t<a href='https:\/\/detskyklubmimosa.cz\/?attachment_id=363'><img loading=\"lazy\" decoding=\"async\" width=\"150\" height=\"150\" src=\"https:\/\/detskyklubmimosa.cz\/wp-content\/uploads\/2024\/01\/VYUKOVE-PROGRAMY-ZIMA-A-JARO-2023-2024-kk12-2-150x150.jpg\" class=\"attachment-thumbnail size-thumbnail\" alt=\"\" \/><\/a>\n\t\t\t<\/div><\/figure>\n\t\t<\/div>\n<\/div><\/div><\/div><\/div>","protected":false},"excerpt":{"rendered":"<p>&nbsp; Programy jsou zalo\u017een\u00e9 na principech z\u00e1\u017eitkov\u00e9 a p\u0159\u00edrodn\u00ed pedagogiky a jsou interaktivn\u00ed. T\u00e9mata program\u016f vych\u00e1zej\u00ed z \u010desk\u00fdch lidov\u00fdch sv\u00e1tk\u016f a tradic a tak\u00e9 se v\u011bnuj\u00ed p\u0159\u00edrod\u011b a environment\u00e1ln\u011b vzd\u011bl\u00e1vac\u00edm projekt\u016fm.\u00a0 &nbsp; \u00a0 M\u00edsto realizace: zahrada M\u0160 a interi\u00e9r M\u0160 \u00a0 Po\u010det d\u011bt\u00ed: max. 25 d\u011bt\u00ed\/jedna skupina &nbsp; \u00a0 Cena: \u00a0 \u00a01 t\u0159\u00edda\/den \u2013 3200 [&hellip;]<\/p>\n","protected":false},"author":1,"featured_media":0,"parent":0,"menu_order":2,"comment_status":"closed","ping_status":"closed","template":"","meta":{"footnotes":""},"class_list":["post-18","page","type-page","status-publish","hentry"],"_links":{"self":[{"href":"https:\/\/detskyklubmimosa.cz\/index.php?rest_route=\/wp\/v2\/pages\/18","targetHints":{"allow":["GET"]}}],"collection":[{"href":"https:\/\/detskyklubmimosa.cz\/index.php?rest_route=\/wp\/v2\/pages"}],"about":[{"href":"https:\/\/detskyklubmimosa.cz\/index.php?rest_route=\/wp\/v2\/types\/page"}],"author":[{"embeddable":true,"href":"https:\/\/detskyklubmimosa.cz\/index.php?rest_route=\/wp\/v2\/users\/1"}],"replies":[{"embeddable":true,"href":"https:\/\/detskyklubmimosa.cz\/index.php?rest_route=%2Fwp%2Fv2%2Fcomments&post=18"}],"version-history":[{"count":41,"href":"https:\/\/detskyklubmimosa.cz\/index.php?rest_route=\/wp\/v2\/pages\/18\/revisions"}],"predecessor-version":[{"id":418,"href":"https:\/\/detskyklubmimosa.cz\/index.php?rest_route=\/wp\/v2\/pages\/18\/revisions\/418"}],"wp:attachment":[{"href":"https:\/\/detskyklubmimosa.cz\/index.php?rest_route=%2Fwp%2Fv2%2Fmedia&parent=18"}],"curies":[{"name":"wp","href":"https:\/\/api.w.org\/{rel}","templated":true}]}}